{"id":2754,"date":"2024-05-03T16:26:16","date_gmt":"2024-05-03T13:26:16","guid":{"rendered":"https:\/\/www.sks.ee\/1371-2\/"},"modified":"2024-05-10T14:06:44","modified_gmt":"2024-05-10T11:06:44","slug":"yhteistyosopimus","status":"publish","type":"page","link":"https:\/\/www.sks.ee\/fi\/yhteistyosopimus\/","title":{"rendered":"YHTEISTY\u00d6SOPIMUS"},"content":{"rendered":"<div class=\"fusion-fullwidth fullwidth-box fusion-builder-row-1 fusion-flex-container has-pattern-background has-mask-background nonhundred-percent-fullwidth non-hundred-percent-height-scrolling\" style=\"--awb-border-radius-top-left:0px;--awb-border-radius-top-right:0px;--awb-border-radius-bottom-right:0px;--awb-border-radius-bottom-left:0px;--awb-flex-wrap:wrap;\" ><div class=\"fusion-builder-row fusion-row fusion-flex-align-items-flex-start fusion-flex-content-wrap\" style=\"max-width:1456px;margin-left: calc(-4% \/ 2 );margin-right: calc(-4% \/ 2 );\"><div class=\"fusion-layout-column fusion_builder_column fusion-builder-column-0 fusion_builder_column_1_2 1_2 fusion-flex-column\" style=\"--awb-bg-size:cover;--awb-width-large:50%;--awb-margin-top-large:0px;--awb-spacing-right-large:3.84%;--awb-margin-bottom-large:20px;--awb-spacing-left-large:3.84%;--awb-width-medium:50%;--awb-order-medium:0;--awb-spacing-right-medium:3.84%;--awb-spacing-left-medium:3.84%;--awb-width-small:100%;--awb-order-small:0;--awb-spacing-right-small:1.92%;--awb-spacing-left-small:1.92%;\"><div class=\"fusion-column-wrapper fusion-column-has-shadow fusion-flex-justify-content-flex-start fusion-content-layout-column\"><div class=\"fusion-title title fusion-title-1 fusion-sep-none fusion-title-text fusion-title-size-two\"><h2 class=\"fusion-title-heading title-heading-left fusion-responsive-typography-calculated\" style=\"margin:0;--fontSize:33;line-height:1.2;\">YHTEISTY\u00d6SOPIMUS<\/h2><\/div><div class=\"fusion-separator\" style=\"align-self: flex-start;margin-right:auto;margin-top:10px;margin-bottom:20px;width:100%;max-width:60px;\"><div class=\"fusion-separator-border sep-single sep-solid\" style=\"--awb-height:20px;--awb-amount:20px;--awb-sep-color:#e31e24;border-color:#e31e24;border-top-width:2px;\"><\/div><\/div><div class=\"fusion-text fusion-text-1\"><p>Kanssamme on mahdollista tehd\u00e4 hankintasopimus yhteisty\u00f6ss\u00e4 Swedbank Liising AS:n. Jos luottop\u00e4\u00e4t\u00f6s on my\u00f6nteinen, l\u00e4hett\u00e4\u00e4 SKS teille hakemuksessa ilmoitettuun s\u00e4hk\u00f6postiosoitteeseen sopimuksen allekirjoitettavaksi. Hakemuksen voi t\u00e4ytt\u00e4\u00e4 painamalla alla oleva painiketta. Jos teill\u00e4 on kysytt\u00e4v\u00e4\u00e4, pyyd\u00e4mme ottamaan yhteytt\u00e4 osoitteeseen <a href=\"mailto:leping@sks.ee\">leping@sks.ee<\/a>.<\/p>\n<\/div><div class=\"fusion-separator fusion-full-width-sep\" style=\"align-self: center;margin-left: auto;margin-right: auto;margin-top:10px;margin-bottom:10px;width:100%;\"><\/div><div ><a class=\"fusion-button button-flat fusion-button-default-size button-default fusion-button-default button-1 fusion-button-default-span fusion-button-default-type\" target=\"_blank\" rel=\"noopener noreferrer\" href=\"https:\/\/docs.google.com\/forms\/d\/e\/1FAIpQLSe54zptIJEdfCAghZgYOWEwULb5TC46EIwrrk4gLSpul_jHcg\/viewform\"><span class=\"fusion-button-text awb-button__text awb-button__text--default\">YHTEISTY\u00d6SOPIMUSHAKEMUS<\/span><\/a><\/div><\/div><\/div><div class=\"fusion-layout-column fusion_builder_column fusion-builder-column-1 fusion_builder_column_1_2 1_2 fusion-flex-column\" style=\"--awb-bg-size:cover;--awb-width-large:50%;--awb-margin-top-large:0px;--awb-spacing-right-large:3.84%;--awb-margin-bottom-large:20px;--awb-spacing-left-large:3.84%;--awb-width-medium:50%;--awb-order-medium:0;--awb-spacing-right-medium:3.84%;--awb-spacing-left-medium:3.84%;--awb-width-small:100%;--awb-order-small:0;--awb-spacing-right-small:1.92%;--awb-spacing-left-small:1.92%;\"><div class=\"fusion-column-wrapper fusion-column-has-shadow fusion-flex-justify-content-flex-start fusion-content-layout-column\"><div class=\"fusion-image-element \" style=\"--awb-caption-title-font-family:var(--h2_typography-font-family);--awb-caption-title-font-weight:var(--h2_typography-font-weight);--awb-caption-title-font-style:var(--h2_typography-font-style);--awb-caption-title-size:var(--h2_typography-font-size);--awb-caption-title-transform:var(--h2_typography-text-transform);--awb-caption-title-line-height:var(--h2_typography-line-height);--awb-caption-title-letter-spacing:var(--h2_typography-letter-spacing);\"><span class=\" fusion-imageframe imageframe-none imageframe-1 hover-type-none\"><img decoding=\"async\" width=\"736\" height=\"856\" title=\"leping\" src=\"https:\/\/www.sks.ee\/wp-content\/uploads\/2024\/05\/leping.png\" alt class=\"img-responsive wp-image-2634\" srcset=\"https:\/\/www.sks.ee\/wp-content\/uploads\/2024\/05\/leping-200x233.png 200w, https:\/\/www.sks.ee\/wp-content\/uploads\/2024\/05\/leping-400x465.png 400w, https:\/\/www.sks.ee\/wp-content\/uploads\/2024\/05\/leping-600x698.png 600w, https:\/\/www.sks.ee\/wp-content\/uploads\/2024\/05\/leping.png 736w\" sizes=\"(max-width: 640px) 100vw, 736px\" \/><\/span><\/div><\/div><\/div><\/div><\/div>\n","protected":false},"excerpt":{"rendered":"","protected":false},"author":2,"featured_media":0,"parent":0,"menu_order":0,"comment_status":"closed","ping_status":"closed","template":"100-width.php","meta":{"footnotes":""},"class_list":["post-2754","page","type-page","status-publish","hentry"],"_links":{"self":[{"href":"https:\/\/www.sks.ee\/fi\/wp-json\/wp\/v2\/pages\/2754","targetHints":{"allow":["GET"]}}],"collection":[{"href":"https:\/\/www.sks.ee\/fi\/wp-json\/wp\/v2\/pages"}],"about":[{"href":"https:\/\/www.sks.ee\/fi\/wp-json\/wp\/v2\/types\/page"}],"author":[{"embeddable":true,"href":"https:\/\/www.sks.ee\/fi\/wp-json\/wp\/v2\/users\/2"}],"replies":[{"embeddable":true,"href":"https:\/\/www.sks.ee\/fi\/wp-json\/wp\/v2\/comments?post=2754"}],"version-history":[{"count":1,"href":"https:\/\/www.sks.ee\/fi\/wp-json\/wp\/v2\/pages\/2754\/revisions"}],"predecessor-version":[{"id":2850,"href":"https:\/\/www.sks.ee\/fi\/wp-json\/wp\/v2\/pages\/2754\/revisions\/2850"}],"wp:attachment":[{"href":"https:\/\/www.sks.ee\/fi\/wp-json\/wp\/v2\/media?parent=2754"}],"curies":[{"name":"wp","href":"https:\/\/api.w.org\/{rel}","templated":true}]}}