{"id":2759,"date":"2024-04-08T16:29:10","date_gmt":"2024-04-08T13:29:10","guid":{"rendered":"https:\/\/www.sks.ee\/privaatsuspoliitika\/"},"modified":"2024-05-10T14:08:19","modified_gmt":"2024-05-10T11:08:19","slug":"tietosuojakaytanto","status":"publish","type":"page","link":"https:\/\/www.sks.ee\/fi\/tietosuojakaytanto\/","title":{"rendered":"TIETOSUOJAK\u00c4YT\u00c4NT\u00d6"},"content":{"rendered":"<div class=\"fusion-fullwidth fullwidth-box fusion-builder-row-1 fusion-flex-container has-pattern-background has-mask-background nonhundred-percent-fullwidth non-hundred-percent-height-scrolling\" style=\"--awb-border-radius-top-left:0px;--awb-border-radius-top-right:0px;--awb-border-radius-bottom-right:0px;--awb-border-radius-bottom-left:0px;--awb-flex-wrap:wrap;\" ><div class=\"fusion-builder-row fusion-row fusion-flex-align-items-flex-start fusion-flex-content-wrap\" style=\"max-width:1456px;margin-left: calc(-4% \/ 2 );margin-right: calc(-4% \/ 2 );\"><div class=\"fusion-layout-column fusion_builder_column fusion-builder-column-0 fusion_builder_column_1_1 1_1 fusion-flex-column\" style=\"--awb-bg-size:cover;--awb-width-large:100%;--awb-margin-top-large:0px;--awb-spacing-right-large:1.92%;--awb-margin-bottom-large:20px;--awb-spacing-left-large:1.92%;--awb-width-medium:100%;--awb-order-medium:0;--awb-spacing-right-medium:1.92%;--awb-spacing-left-medium:1.92%;--awb-width-small:100%;--awb-order-small:0;--awb-spacing-right-small:1.92%;--awb-spacing-left-small:1.92%;\"><div class=\"fusion-column-wrapper fusion-column-has-shadow fusion-flex-justify-content-flex-start fusion-content-layout-column\"><div class=\"fusion-title title fusion-title-1 fusion-sep-none fusion-title-text fusion-title-size-two\"><h2 class=\"fusion-title-heading title-heading-left fusion-responsive-typography-calculated\" style=\"margin:0;--fontSize:33;line-height:1.2;\">TIETOSUOJAK\u00c4YT\u00c4NT\u00d6<\/h2><\/div><div class=\"fusion-separator\" style=\"align-self: flex-start;margin-right:auto;margin-top:10px;margin-bottom:20px;width:100%;max-width:60px;\"><div class=\"fusion-separator-border sep-single sep-solid\" style=\"--awb-height:20px;--awb-amount:20px;--awb-sep-color:#e31e24;border-color:#e31e24;border-top-width:2px;\"><\/div><\/div><div class=\"fusion-text fusion-text-1\"><p>SKS V\u00f5ru O\u00dc pit\u00e4\u00e4 asiakkaiden ja yhteisty\u00f6kumppaneiden luottamusta eritt\u00e4in t\u00e4rke\u00e4n\u00e4. Haluamme, ett\u00e4 kaikki, jotka jakavat henkil\u00f6tietonsa kanssamme, voisivat olla varmoja siit\u00e4, ett\u00e4 huolehdimme n\u00e4ist\u00e4 tiedoista parhaalla mahdollisella tavalla.<\/p>\n<p>T\u00e4m\u00e4 tietosuojaseloste on laadittu SKS V\u00f5ru O\u00dc:n entisten, nykyisten ja tulevien asiakkaiden yksityisyyden suojaamiseen. T\u00e4m\u00e4n perusteella esittelemme periaatteet, joiden mukaan asiakkaan henkil\u00f6tietoja ker\u00e4t\u00e4\u00e4n, k\u00e4sitell\u00e4\u00e4n, s\u00e4ilytet\u00e4\u00e4n, siirret\u00e4\u00e4n ja luovutetaan ja jotka t\u00e4ytt\u00e4v\u00e4t Viron tasavallan ja Euroopan unionin lains\u00e4\u00e4d\u00e4nn\u00f6n asettamat vaatimukset.<\/p>\n<h3><strong>Henkil\u00f6tietojen ker\u00e4\u00e4minen ja k\u00e4ytt\u00f6<\/strong><\/h3>\n<p>K\u00e4sittelemme henkil\u00f6tietoina tietoja, jotka henkil\u00f6 on vapaaehtoisesti jakanut kanssamme. Henkil\u00f6tietoja voivat olla nimi, puhelinnumero, s\u00e4hk\u00f6postiosoite, osoite ja muut tiedot.<\/p>\n<p>K\u00e4yt\u00e4mme henkil\u00f6tietoja vain varsinaiseen k\u00e4ytt\u00f6tarkoitukseen eli asiakkaille uusimpien markkinatietojen, uusien tuotteiden esittelemiseen, kysymyksiin vastaamiseen, parhaiden tarjousten tekemiseen, asiakasp\u00e4ivien j\u00e4rjest\u00e4miseen sek\u00e4 SKS V\u00f5ru O\u00dc:n toimintaan liittyvien tietojen jakamiseen.<\/p>\n<p>SKS V\u00f5ru O\u00dc ei k\u00e4sittele, siirr\u00e4, muokkaa tai k\u00e4yt\u00e4 k\u00e4ytt\u00f6\u00f6mme annettuja henkil\u00f6tietoja mill\u00e4\u00e4n muulla ei-m\u00e4\u00e4r\u00e4tyll\u00e4 tavalla, paitsi jos asiakkaan kanssa on tehty muunlainen sopimus tai jos tietojen luovuttamistarve johtuu Viron tasavallan lains\u00e4\u00e4d\u00e4nn\u00f6st\u00e4.<\/p>\n<p>Jos saatte meilt\u00e4 edell\u00e4 mainittuja tietoja ilman, ett\u00e4 olisitte tiet\u00e4m\u00e4tt\u00e4nne antanut meille tietojanne, pyyd\u00e4mme ilmoittamaan siit\u00e4 osoitteeseen <a href=\"mailto:sks@sks.ee\">sks@sks.ee<\/a><\/p>\n<p>Henkil\u00f6ll\u00e4 on oikeus perua suostumuksensa milloin tahansa ilmoittamalla siit\u00e4 osoitteeseen <a href=\"mailto:sks@sks.ee\">sks@sks.ee<\/a>.<\/p>\n<h3><strong>Ev\u00e4steet<\/strong><\/h3>\n<p>SKS V\u00f5ru O\u00dc k\u00e4ytt\u00e4\u00e4 verkkosivuillaan ev\u00e4steit\u00e4, joiden teht\u00e4v\u00e4n\u00e4 on selailuhistorian analysointi. K\u00e4yt\u00e4mme n\u00e4it\u00e4 tietoja k\u00e4ytt\u00f6kokemuksen parantamiseen ja muokkaamiseen asiakkaiden tarpeiden mukaiseksi. K\u00e4yt\u00e4mme ev\u00e4steit\u00e4 my\u00f6s tilastollisiin analyyseihin ja mainosten n\u00e4ytt\u00e4miseen huolellisesti valittujen kolmannen osapuolen sovellusten kautta (esim. Google Inc, Adroll Inc, Facebook Inc, Mailchimp jne.). Painotamme, ettei meill\u00e4 ole p\u00e4\u00e4sy\u00e4 kolmansien osapuolten asettamiin ev\u00e4steisiin emmek\u00e4 hallinnoi niit\u00e4, joten niiden soveltaminen tapahtuu heid\u00e4n oman tietosuojak\u00e4yt\u00e4nt\u00f6ns\u00e4 mukaisesti.<\/p>\n<p>Ev\u00e4ste on tekstitiedosto, jonka verkkosivustot l\u00e4hett\u00e4v\u00e4t ja tallentavat sivustolla vierailevan k\u00e4ytt\u00e4j\u00e4n tietokoneelle. Ev\u00e4ste tallennetaan k\u00e4ytt\u00e4j\u00e4n selaimen tiedostohakemistoon. Jos k\u00e4ytt\u00e4j\u00e4 on vieraillut verkkosivustolla aiemmin, lukee selain ev\u00e4steen ja l\u00e4hett\u00e4\u00e4 vastaavat tiedot verkkosivustolle tai elementtiin, joka alun perin tallensi ev\u00e4steen. Lis\u00e4tietoja ev\u00e4steist\u00e4 on saatavilla verkkosivustolla <a href=\"https:\/\/allaboutcookies.org\/\" target=\"_blank\" rel=\"noopener\">https:\/\/allaboutcookies.org\/<\/a>.<\/p>\n<p>Selaimella on oikeus est\u00e4\u00e4 ev\u00e4steiden k\u00e4ytt\u00f6. Halutessanne voitte muuttaa sit\u00e4 varten selaimenne asetuksia.<\/p>\n<h3><strong>Tietosuojak\u00e4yt\u00e4nn\u00f6n ehdot ja muutokset<\/strong><\/h3>\n<p>Jos annatte meille tietonne ja jatkatte verkkosivustomme k\u00e4ytt\u00f6\u00e4, katsomme, ett\u00e4 olette lukenut ja hyv\u00e4ksynyt k\u00e4ytt\u00f6ehtomme. SKS V\u00f5ru O\u00dc pid\u00e4tt\u00e4\u00e4 oikeuden tietosuojaselosteen yleisten ehtojen muuttamiseen tarvittaessa.<\/p>\n<p>Jos teill\u00e4 on kysytt\u00e4v\u00e4\u00e4 tietosuojak\u00e4yt\u00e4nn\u00f6st\u00e4, pyyd\u00e4mme ottamaan yhteytt\u00e4 osoitteeseen <a href=\"mailto:sks@sks.ee\">sks@sks.ee<\/a><\/p>\n<\/div><\/div><\/div><\/div><\/div>\n","protected":false},"excerpt":{"rendered":"","protected":false},"author":3,"featured_media":0,"parent":0,"menu_order":0,"comment_status":"closed","ping_status":"closed","template":"100-width.php","meta":{"footnotes":""},"class_list":["post-2759","page","type-page","status-publish","hentry"],"_links":{"self":[{"href":"https:\/\/www.sks.ee\/fi\/wp-json\/wp\/v2\/pages\/2759","targetHints":{"allow":["GET"]}}],"collection":[{"href":"https:\/\/www.sks.ee\/fi\/wp-json\/wp\/v2\/pages"}],"about":[{"href":"https:\/\/www.sks.ee\/fi\/wp-json\/wp\/v2\/types\/page"}],"author":[{"embeddable":true,"href":"https:\/\/www.sks.ee\/fi\/wp-json\/wp\/v2\/users\/3"}],"replies":[{"embeddable":true,"href":"https:\/\/www.sks.ee\/fi\/wp-json\/wp\/v2\/comments?post=2759"}],"version-history":[{"count":2,"href":"https:\/\/www.sks.ee\/fi\/wp-json\/wp\/v2\/pages\/2759\/revisions"}],"predecessor-version":[{"id":2852,"href":"https:\/\/www.sks.ee\/fi\/wp-json\/wp\/v2\/pages\/2759\/revisions\/2852"}],"wp:attachment":[{"href":"https:\/\/www.sks.ee\/fi\/wp-json\/wp\/v2\/media?parent=2759"}],"curies":[{"name":"wp","href":"https:\/\/api.w.org\/{rel}","templated":true}]}}