{"id":5279,"date":"2024-09-11T14:43:46","date_gmt":"2024-09-11T11:43:46","guid":{"rendered":"https:\/\/www.sks.ee\/peamised-tooted-toostus\/"},"modified":"2024-10-03T09:43:48","modified_gmt":"2024-10-03T06:43:48","slug":"teollisuuslaitteet-paatuotteet","status":"publish","type":"page","link":"https:\/\/www.sks.ee\/fi\/teollisuuslaitteet-paatuotteet\/","title":{"rendered":"TEOLLISUUSLAITTEET \u2013 P\u00c4\u00c4TUOTTEET"},"content":{"rendered":"<div class=\"fusion-fullwidth fullwidth-box fusion-builder-row-1 fusion-flex-container has-pattern-background has-mask-background nonhundred-percent-fullwidth non-hundred-percent-height-scrolling\" style=\"--awb-border-radius-top-left:0px;--awb-border-radius-top-right:0px;--awb-border-radius-bottom-right:0px;--awb-border-radius-bottom-left:0px;--awb-flex-wrap:wrap;\" ><div class=\"fusion-builder-row fusion-row fusion-flex-align-items-flex-start fusion-flex-content-wrap\" style=\"max-width:1456px;margin-left: calc(-4% \/ 2 );margin-right: calc(-4% \/ 2 );\"><div class=\"fusion-layout-column fusion_builder_column fusion-builder-column-0 fusion_builder_column_3_5 3_5 fusion-flex-column\" style=\"--awb-bg-size:cover;--awb-width-large:60%;--awb-margin-top-large:0px;--awb-spacing-right-large:3.2%;--awb-margin-bottom-large:20px;--awb-spacing-left-large:3.2%;--awb-width-medium:60%;--awb-order-medium:0;--awb-spacing-right-medium:3.2%;--awb-spacing-left-medium:3.2%;--awb-width-small:100%;--awb-order-small:0;--awb-spacing-right-small:1.92%;--awb-spacing-left-small:1.92%;\"><div class=\"fusion-column-wrapper fusion-column-has-shadow fusion-flex-justify-content-flex-start fusion-content-layout-column\"><div class=\"fusion-title title fusion-title-1 fusion-sep-none fusion-title-text fusion-title-size-two\"><h2 class=\"fusion-title-heading title-heading-left fusion-responsive-typography-calculated\" style=\"margin:0;--fontSize:33;line-height:1.2;\">TEOLLISUUSLAITTEET \u2013<br \/>\nP\u00c4\u00c4TUOTTEET<\/h2><\/div><div class=\"fusion-separator\" style=\"align-self: flex-start;margin-right:auto;margin-top:10px;margin-bottom:20px;width:100%;max-width:60px;\"><div class=\"fusion-separator-border sep-single sep-solid\" style=\"--awb-height:20px;--awb-amount:20px;--awb-sep-color:#e31e24;border-color:#e31e24;border-top-width:2px;\"><\/div><\/div><div class=\"fusion-text fusion-text-1\"><p><strong>Kipin\u00e4ntunnistus- ja sammutusj\u00e4rjestelm\u00e4t<br \/>\n<\/strong>Kipin\u00e4nilmaisinanturi (pime\u00e4\u00e4n tai p\u00e4iv\u00e4nvaloon), liekinilmaisinanturi, l\u00e4mp\u00f6tila- ja savunilmaisin, sammutusryhm\u00e4, sammutussuuttimet (eri k\u00e4ytt\u00f6alueet).<\/p>\n<p><strong>Palonilmaisu- ja sammutusj\u00e4rjestelm\u00e4t<br \/>\n<\/strong>Automaattinen palonsammutusj\u00e4rjestelm\u00e4 (kaivos-, teollisuus- ja maatalousajoneuvot)<\/p>\n<p><strong>Rivimittauslaitteet<br \/>\n<\/strong>Paksuusmittari (teloilla tai laserilla), tyhj\u00e4tilan ilmaisin (ultra\u00e4\u00e4nell\u00e4), kosteusmittari (infrapunalla tai mikroaalloilla), pinnan tai reunan laadunvalvonta (laserilla tai kameroilla), puristimen toiminnan optimointilaite (l\u00e4mp\u00f6tila- ja painetietojen tallennus) laboratoriolaite (kaasuanalyysi, tiheysmittaus).<\/p>\n<p><strong>Ilmankostutusj\u00e4rjestelm\u00e4 vedenk\u00e4sittelyll\u00e4<br \/>\n<\/strong>Ilmankostuttimen suutin, korkeapainepumppu (taajuusmuuttajalla), veden pehmennys, k\u00e4\u00e4nteisosmoosi, UV-sterilointi.<\/p>\n<p><strong>Aspiraatioj\u00e4rjestelm\u00e4t (mm. p\u00f6lyt\u00f6n kuorma-auton latausasema)<\/strong><br \/>\nKiinte\u00e4 suodatin (yli- tai alipaine enint\u00e4\u00e4n 300 000 m<sup>3<\/sup>\/h), siirrett\u00e4v\u00e4 suodatin (sahanpurut, maalip\u00f6ly ja hitsaussavu), sahanpurupuhallin, kuljetushihna, ketjukuljetin, poistoputkisto, palokaasusuodatin, siilo, p\u00f6lyt\u00f6n kuorma-auton latausasema.<\/p>\n<p><strong>J\u00e4tehuoltolaitteet<br \/>\n<\/strong>Puunmurskain (siilolla tai vaakasuora), brikettipuristin.<\/p>\n<p><strong>Rullatiet tehokkaaseen tuotantologistiikkaan ja varastointiin<br \/>\n<\/strong>Rullakuljetin teollisuudelle (Q70) ilman k\u00e4ytt\u00f6laitetta, kuljetusvaunu kiskoilla, nostop\u00f6yt\u00e4 rullakuljettimen yl\u00e4osalla.<\/p>\n<p><strong>Kiinte\u00e4n polttoaineen l\u00e4mmittimet<br \/>\n<\/strong>Kattila (hake, pelletti, vilja, hiili ja puu), sy\u00f6tt\u00f6j\u00e4rjestelm\u00e4 siilosta, multisykloni, savupiippu, pumppu, varoventtiili, sulkulaitteisto jne.<\/p>\n<p><strong>Teollisen sideaineen tekniikka<br \/>\n<\/strong>Sopivan sideaineen reseptikaavan kehitt\u00e4minen, sideaineen tuotantoteknologian kehitt\u00e4minen, ligniinin maksimaalinen hy\u00f6dynt\u00e4minen liiman koostumuksen reseptiss\u00e4.<\/p>\n<\/div><div class=\"fusion-separator fusion-full-width-sep\" style=\"align-self: center;margin-left: auto;margin-right: auto;margin-top:10px;margin-bottom:10px;width:100%;\"><\/div><div style=\"text-align:left;\"><a class=\"fusion-button button-flat fusion-button-default-size button-default fusion-button-default button-1 fusion-button-default-span fusion-button-default-type\" target=\"_self\" href=\"https:\/\/www.sks.ee\/fi\/henkilot\/\"><span class=\"fusion-button-text awb-button__text awb-button__text--default\">OTA YHTEYTT\u00c4<\/span><\/a><\/div><\/div><\/div><div class=\"fusion-layout-column fusion_builder_column fusion-builder-column-1 fusion_builder_column_2_5 2_5 fusion-flex-column\" style=\"--awb-bg-size:cover;--awb-width-large:40%;--awb-margin-top-large:0px;--awb-spacing-right-large:4.8%;--awb-margin-bottom-large:20px;--awb-spacing-left-large:4.8%;--awb-width-medium:40%;--awb-order-medium:0;--awb-spacing-right-medium:4.8%;--awb-spacing-left-medium:4.8%;--awb-width-small:100%;--awb-order-small:0;--awb-spacing-right-small:1.92%;--awb-spacing-left-small:1.92%;\"><div class=\"fusion-column-wrapper fusion-column-has-shadow fusion-flex-justify-content-flex-start fusion-content-layout-column\"><div class=\"fusion-image-element \" style=\"--awb-caption-title-font-family:var(--h2_typography-font-family);--awb-caption-title-font-weight:var(--h2_typography-font-weight);--awb-caption-title-font-style:var(--h2_typography-font-style);--awb-caption-title-size:var(--h2_typography-font-size);--awb-caption-title-transform:var(--h2_typography-text-transform);--awb-caption-title-line-height:var(--h2_typography-line-height);--awb-caption-title-letter-spacing:var(--h2_typography-letter-spacing);\"><span class=\" fusion-imageframe imageframe-none imageframe-1 hover-type-none\"><img decoding=\"async\" width=\"1000\" height=\"1259\" title=\"toostus-1\" src=\"https:\/\/www.sks.ee\/wp-content\/uploads\/2024\/09\/toostus-1.jpg\" alt class=\"img-responsive wp-image-5244\" srcset=\"https:\/\/www.sks.ee\/wp-content\/uploads\/2024\/09\/toostus-1-200x252.jpg 200w, https:\/\/www.sks.ee\/wp-content\/uploads\/2024\/09\/toostus-1-400x504.jpg 400w, https:\/\/www.sks.ee\/wp-content\/uploads\/2024\/09\/toostus-1-600x755.jpg 600w, https:\/\/www.sks.ee\/wp-content\/uploads\/2024\/09\/toostus-1-800x1007.jpg 800w, https:\/\/www.sks.ee\/wp-content\/uploads\/2024\/09\/toostus-1.jpg 1000w\" sizes=\"(max-width: 640px) 100vw, 600px\" \/><\/span><\/div><\/div><\/div><\/div><\/div>\n","protected":false},"excerpt":{"rendered":"","protected":false},"author":2,"featured_media":0,"parent":0,"menu_order":0,"comment_status":"closed","ping_status":"closed","template":"100-width.php","meta":{"footnotes":""},"class_list":["post-5279","page","type-page","status-publish","hentry"],"_links":{"self":[{"href":"https:\/\/www.sks.ee\/fi\/wp-json\/wp\/v2\/pages\/5279","targetHints":{"allow":["GET"]}}],"collection":[{"href":"https:\/\/www.sks.ee\/fi\/wp-json\/wp\/v2\/pages"}],"about":[{"href":"https:\/\/www.sks.ee\/fi\/wp-json\/wp\/v2\/types\/page"}],"author":[{"embeddable":true,"href":"https:\/\/www.sks.ee\/fi\/wp-json\/wp\/v2\/users\/2"}],"replies":[{"embeddable":true,"href":"https:\/\/www.sks.ee\/fi\/wp-json\/wp\/v2\/comments?post=5279"}],"version-history":[{"count":1,"href":"https:\/\/www.sks.ee\/fi\/wp-json\/wp\/v2\/pages\/5279\/revisions"}],"predecessor-version":[{"id":5283,"href":"https:\/\/www.sks.ee\/fi\/wp-json\/wp\/v2\/pages\/5279\/revisions\/5283"}],"wp:attachment":[{"href":"https:\/\/www.sks.ee\/fi\/wp-json\/wp\/v2\/media?parent=5279"}],"curies":[{"name":"wp","href":"https:\/\/api.w.org\/{rel}","templated":true}]}}