{"id":2703,"date":"2023-11-24T17:31:17","date_gmt":"2023-11-24T15:31:17","guid":{"rendered":"https:\/\/www.sks.ee\/peamised-tooted\/"},"modified":"2024-10-03T09:40:41","modified_gmt":"2024-10-03T06:40:41","slug":"apkures-iekartas-galvena-produkcija","status":"publish","type":"page","link":"https:\/\/www.sks.ee\/lv\/apkures-iekartas-galvena-produkcija\/","title":{"rendered":"APKURES IEK\u0100RTAS \u2013 GALVEN\u0100 PRODUKCIJA"},"content":{"rendered":"<div class=\"fusion-fullwidth fullwidth-box fusion-builder-row-1 fusion-flex-container has-pattern-background has-mask-background nonhundred-percent-fullwidth non-hundred-percent-height-scrolling\" style=\"--awb-border-radius-top-left:0px;--awb-border-radius-top-right:0px;--awb-border-radius-bottom-right:0px;--awb-border-radius-bottom-left:0px;--awb-flex-wrap:wrap;\" ><div class=\"fusion-builder-row fusion-row fusion-flex-align-items-flex-start fusion-flex-content-wrap\" style=\"max-width:1456px;margin-left: calc(-4% \/ 2 );margin-right: calc(-4% \/ 2 );\"><div class=\"fusion-layout-column fusion_builder_column fusion-builder-column-0 fusion_builder_column_3_5 3_5 fusion-flex-column\" style=\"--awb-bg-size:cover;--awb-width-large:60%;--awb-margin-top-large:0px;--awb-spacing-right-large:3.2%;--awb-margin-bottom-large:20px;--awb-spacing-left-large:3.2%;--awb-width-medium:60%;--awb-order-medium:0;--awb-spacing-right-medium:3.2%;--awb-spacing-left-medium:3.2%;--awb-width-small:100%;--awb-order-small:0;--awb-spacing-right-small:1.92%;--awb-spacing-left-small:1.92%;\"><div class=\"fusion-column-wrapper fusion-column-has-shadow fusion-flex-justify-content-flex-start fusion-content-layout-column\"><div class=\"fusion-title title fusion-title-1 fusion-sep-none fusion-title-text fusion-title-size-two\"><h2 class=\"fusion-title-heading title-heading-left fusion-responsive-typography-calculated\" style=\"margin:0;--fontSize:33;line-height:1.2;\">APKURES IEK\u0100RTAS \u2013<br \/>\nGALVEN\u0100 PRODUKCIJA<\/h2><\/div><div class=\"fusion-separator\" style=\"align-self: flex-start;margin-right:auto;margin-top:10px;margin-bottom:20px;width:100%;max-width:60px;\"><div class=\"fusion-separator-border sep-single sep-solid\" style=\"--awb-height:20px;--awb-amount:20px;--awb-sep-color:#e31e24;border-color:#e31e24;border-top-width:2px;\"><\/div><\/div><div class=\"fusion-text fusion-text-1\"><p><strong>Katli<\/strong><br \/>\nG\u0101ze, e\u013c\u013ca, granulas, cietais kurin\u0101mais, \u0161\u0137elda.<\/p>\n<p><strong>Siltums\u016bk\u0146i<\/strong><br \/>\nGaiss-\u016bdens, \u016bdens-\u016bdens, zemes siltums.<\/p>\n<p><strong>S\u016bk\u0146i<\/strong><br \/>\nCirkul\u0101cijas s\u016bknis (apkure \/ dzes\u0113\u0161ana \/ karstais \u016bdens), <em>In-line<\/em> s\u016bknis (t.sk. ar frekvences p\u0101rveidot\u0101ju), standarta s\u016bknis, spiediena paaugstin\u0101\u0161anas s\u016bknis, izpl\u016bdes s\u016bknis, kanaliz\u0101cijas s\u016bknis.<\/p>\n<p><strong>Ventil\u0101cijas iek\u0101rtas<br \/>\n<\/strong>Ventil\u0101cijas iek\u0101rta ar rekuperatoru.<\/p>\n<p><strong>Gaisa sild\u012b\u0161anas iek\u0101rtas<\/strong><br \/>\nKalorifers, gaisa aizkars, g\u0101zes sild\u012bt\u0101js.<\/p>\n<p><strong>Sild\u0137erme\u0146i<\/strong><br \/>\nDizaina radiators (t.sk. ribu radiators), pl\u0101k\u0161\u0146u radiators, vannasistabas radiators, konvektors (t.sk. gr\u012bd\u0101), starojuma pane\u013ci (apkurei un dzes\u0113\u0161anai), dzes\u0113\u0161anas pane\u013ci.<\/p>\n<p><strong>Apsild\u0101m\u0101s gr\u012bdas<\/strong><br \/>\nGr\u012bdas apsildes caurule, kolektors, kolektoru skapis, vad\u012bbas automatiz\u0101cija (ieskaitot termopiedzi\u0146as), celtniec\u012bbas pl\u0101ksne ar siltuma sadales moduli.<\/p>\n<p><strong>Skurste\u0146i<\/strong><br \/>\nNer\u016bs\u0113jo\u0161ais, sk\u0101bi necaurlaid\u012bgs un iepriek\u0161 izol\u0113ts (divu sienu) un vienas sienas modu\u013cu skurstenis, PP gaisa\/d\u016bmg\u0101zu un d\u016bmg\u0101zu caurule.<\/p>\n<p><strong>\u016adens tvertnes<\/strong><br \/>\nKarst\u0101 \u016bdens boileris, uzglab\u0101\u0161anas tvertne, akumul\u0101cijas b\u0101ka, hidraulisk\u0101 balans\u0113\u0161anas tvertne.<\/p>\n<p><strong>Izple\u0161an\u0101s trauku<\/strong><br \/>\nMembr\u0101nas izple\u0161an\u0101s trauks (apkurei), hidrofors (pat\u0113ri\u0146a \u016bdenim).<\/p>\n<p><strong>Skait\u012bt\u0101ji<\/strong><br \/>\nAukst\u0101 un karst\u0101 \u016bdens skait\u012bt\u0101js, siltuma skait\u012bt\u0101js.<\/p>\n<p><strong>Cauru\u013cu veidgabali<\/strong><br \/>\nLodveida v\u0101rsts, rot\u0113jo\u0161ais v\u0101rsts, vad\u012bbas v\u0101rsts, pretv\u0101rsts, dro\u0161\u012bbas v\u0101rsts, radiatora v\u0101rsts un\u00a0 nosl\u0113dzo\u0161ais savienot\u0101js, H veida savienot\u0101js, termostata galva, l\u012bnijas vad\u012bbas v\u0101rsts (statisks un dinamisks, t.i., no spiediena neatkar\u012bgs).<\/p>\n<p><strong>Tvaika armat\u016bra<\/strong><br \/>\nKondens\u0101ta separators, spiediena samazin\u0101\u0161anas v\u0101rsts, sl\u0113gv\u0101rsts, dro\u0161\u012bbas v\u0101rsts.<\/p>\n<p><strong>M\u0113r\u012b\u0161anas ier\u012bces<\/strong><br \/>\nTermometrs, manometrs.<\/p>\n<p><strong>\u0136\u012bmija un t\u012br\u012b\u0161anas l\u012bdzek\u013ci<\/strong><br \/>\nT\u012br\u012b\u0161anas l\u012bdzeklis g\u0101zes, e\u013c\u013cas un ciet\u0101s apkures katliem un deg\u013ciem, katlakmens no\u0146em\u0161anas l\u012bdzeklis, antifr\u012bzs un pretkorozijas l\u012bdzeklis, apkures sist\u0113mas t\u012br\u012b\u0161anas l\u012bdzeklis, kv\u0113pu t\u012br\u012b\u0161anas l\u012bdzeklis, univers\u0101ls t\u012br\u012b\u0161anas l\u012bdzeklis, kanaliz\u0101cijas aizs\u0113r\u0113jumu att\u012bro\u0161ais l\u012bdzeklis.<\/p>\n<\/div><div class=\"fusion-separator fusion-full-width-sep\" style=\"align-self: center;margin-left: auto;margin-right: auto;margin-top:10px;margin-bottom:10px;width:100%;\"><\/div><div style=\"text-align:left;\"><a class=\"fusion-button button-flat fusion-button-default-size button-default fusion-button-default button-1 fusion-button-default-span fusion-button-default-type\" target=\"_self\" href=\"https:\/\/www.sks.ee\/lv\/komanda\/\"><span class=\"fusion-button-text awb-button__text awb-button__text--default\">SAZINIETIES AR MUMS<\/span><\/a><\/div><\/div><\/div><div class=\"fusion-layout-column fusion_builder_column fusion-builder-column-1 fusion_builder_column_2_5 2_5 fusion-flex-column\" style=\"--awb-bg-size:cover;--awb-width-large:40%;--awb-margin-top-large:0px;--awb-spacing-right-large:4.8%;--awb-margin-bottom-large:20px;--awb-spacing-left-large:4.8%;--awb-width-medium:40%;--awb-order-medium:0;--awb-spacing-right-medium:4.8%;--awb-spacing-left-medium:4.8%;--awb-width-small:100%;--awb-order-small:0;--awb-spacing-right-small:1.92%;--awb-spacing-left-small:1.92%;\"><div class=\"fusion-column-wrapper fusion-column-has-shadow fusion-flex-justify-content-flex-start fusion-content-layout-column\"><div class=\"fusion-image-element \" style=\"--awb-caption-title-font-family:var(--h2_typography-font-family);--awb-caption-title-font-weight:var(--h2_typography-font-weight);--awb-caption-title-font-style:var(--h2_typography-font-style);--awb-caption-title-size:var(--h2_typography-font-size);--awb-caption-title-transform:var(--h2_typography-text-transform);--awb-caption-title-line-height:var(--h2_typography-line-height);--awb-caption-title-letter-spacing:var(--h2_typography-letter-spacing);\"><span class=\" fusion-imageframe imageframe-none imageframe-1 hover-type-none\"><img decoding=\"async\" width=\"1000\" height=\"1259\" title=\"kytteseadmed-1\" src=\"https:\/\/www.sks.ee\/wp-content\/uploads\/2024\/09\/kytteseadmed-1.jpg\" alt class=\"img-responsive wp-image-5253\" srcset=\"https:\/\/www.sks.ee\/wp-content\/uploads\/2024\/09\/kytteseadmed-1-200x252.jpg 200w, https:\/\/www.sks.ee\/wp-content\/uploads\/2024\/09\/kytteseadmed-1-400x504.jpg 400w, https:\/\/www.sks.ee\/wp-content\/uploads\/2024\/09\/kytteseadmed-1-600x755.jpg 600w, https:\/\/www.sks.ee\/wp-content\/uploads\/2024\/09\/kytteseadmed-1-800x1007.jpg 800w, https:\/\/www.sks.ee\/wp-content\/uploads\/2024\/09\/kytteseadmed-1.jpg 1000w\" sizes=\"(max-width: 640px) 100vw, 600px\" \/><\/span><\/div><\/div><\/div><\/div><\/div>\n","protected":false},"excerpt":{"rendered":"","protected":false},"author":2,"featured_media":0,"parent":0,"menu_order":0,"comment_status":"closed","ping_status":"closed","template":"100-width.php","meta":{"footnotes":""},"class_list":["post-2703","page","type-page","status-publish","hentry"],"_links":{"self":[{"href":"https:\/\/www.sks.ee\/lv\/wp-json\/wp\/v2\/pages\/2703","targetHints":{"allow":["GET"]}}],"collection":[{"href":"https:\/\/www.sks.ee\/lv\/wp-json\/wp\/v2\/pages"}],"about":[{"href":"https:\/\/www.sks.ee\/lv\/wp-json\/wp\/v2\/types\/page"}],"author":[{"embeddable":true,"href":"https:\/\/www.sks.ee\/lv\/wp-json\/wp\/v2\/users\/2"}],"replies":[{"embeddable":true,"href":"https:\/\/www.sks.ee\/lv\/wp-json\/wp\/v2\/comments?post=2703"}],"version-history":[{"count":4,"href":"https:\/\/www.sks.ee\/lv\/wp-json\/wp\/v2\/pages\/2703\/revisions"}],"predecessor-version":[{"id":5277,"href":"https:\/\/www.sks.ee\/lv\/wp-json\/wp\/v2\/pages\/2703\/revisions\/5277"}],"wp:attachment":[{"href":"https:\/\/www.sks.ee\/lv\/wp-json\/wp\/v2\/media?parent=2703"}],"curies":[{"name":"wp","href":"https:\/\/api.w.org\/{rel}","templated":true}]}}